{"id":640,"date":"2025-03-25T12:59:06","date_gmt":"2025-03-25T12:59:06","guid":{"rendered":"https:\/\/n2024.prowebco.de\/?page_id=640"},"modified":"2025-03-25T14:34:50","modified_gmt":"2025-03-25T14:34:50","slug":"anhaengekupplungen-kugeleinsaetze-oberlenke-k8","status":"publish","type":"page","link":"https:\/\/prowebco.de\/","title":{"rendered":"Ersatzteile"},"content":{"rendered":"","protected":false},"excerpt":{"rendered":"","protected":false},"author":1,"featured_media":0,"parent":0,"menu_order":0,"comment_status":"closed","ping_status":"closed","template":"","meta":{"footnotes":""},"class_list":["post-640","page","type-page","status-publish","hentry"],"yoast_head":"<!-- This site is optimized with the Yoast SEO plugin v27.5 - https:\/\/yoast.com\/product\/yoast-seo-wordpress\/ -->\n<title>Ersatzteile - f\u00fcr die Landtechnik: K80 &amp; Hydraulik | Prowebco<\/title>\n<meta name=\"description\" content=\"Prowebco liefert hochwertige Anh\u00e4ngekupplungen, K80-Kugelk\u00f6pfe &amp; Hydraulik-Oberlenker direkt an Landwirte \u2013 schnell, direkt &amp; zuverl\u00e4ssig.\" \/>\n<meta name=\"robots\" content=\"noindex, follow, max-snippet:-1, max-image-preview:large, max-video-preview:-1\" \/>\n<meta property=\"og:locale\" content=\"de_DE\" \/>\n<meta property=\"og:type\" content=\"article\" \/>\n<meta property=\"og:title\" content=\"Ersatzteile - f\u00fcr die Landtechnik: K80 &amp; Hydraulik | Prowebco\" \/>\n<meta property=\"og:description\" content=\"Prowebco liefert hochwertige Anh\u00e4ngekupplungen, K80-Kugelk\u00f6pfe &amp; Hydraulik-Oberlenker direkt an Landwirte \u2013 schnell, direkt &amp; zuverl\u00e4ssig.\" \/>\n<meta property=\"og:url\" content=\"https:\/\/prowebco.de\/\" \/>\n<meta property=\"og:site_name\" content=\"f\u00fcr die Landtechnik: K80 &amp; Hydraulik | Prowebco\" \/>\n<meta property=\"article:modified_time\" content=\"2025-03-25T14:34:50+00:00\" \/>\n<meta name=\"twitter:card\" content=\"summary_large_image\" \/>\n<script type=\"application\/ld+json\" class=\"yoast-schema-graph\">{\"@context\":\"https:\\\/\\\/schema.org\",\"@graph\":[{\"@type\":\"WebPage\",\"@id\":\"https:\\\/\\\/prowebco.de\\\/\",\"url\":\"https:\\\/\\\/prowebco.de\\\/\",\"name\":\"Ersatzteile - f\u00fcr die Landtechnik: K80 &amp; Hydraulik | Prowebco\",\"isPartOf\":{\"@id\":\"https:\\\/\\\/prowebco.de\\\/#website\"},\"datePublished\":\"2025-03-25T12:59:06+00:00\",\"dateModified\":\"2025-03-25T14:34:50+00:00\",\"description\":\"Prowebco liefert hochwertige Anh\u00e4ngekupplungen, K80-Kugelk\u00f6pfe & Hydraulik-Oberlenker direkt an Landwirte \u2013 schnell, direkt & zuverl\u00e4ssig.\",\"breadcrumb\":{\"@id\":\"https:\\\/\\\/prowebco.de\\\/#breadcrumb\"},\"inLanguage\":\"de\",\"potentialAction\":[{\"@type\":\"ReadAction\",\"target\":[\"https:\\\/\\\/prowebco.de\\\/\"]}]},{\"@type\":\"BreadcrumbList\",\"@id\":\"https:\\\/\\\/prowebco.de\\\/#breadcrumb\",\"itemListElement\":[{\"@type\":\"ListItem\",\"position\":1,\"name\":\"Startseite\",\"item\":\"https:\\\/\\\/prowebco.de\\\/\"},{\"@type\":\"ListItem\",\"position\":2,\"name\":\"Ersatzteile\"}]},{\"@type\":\"WebSite\",\"@id\":\"https:\\\/\\\/prowebco.de\\\/#website\",\"url\":\"https:\\\/\\\/prowebco.de\\\/\",\"name\":\"Ersatzteile f\u00fcr Landtechnik: K80 & Hydraulik\",\"description\":\"\",\"publisher\":{\"@id\":\"https:\\\/\\\/prowebco.de\\\/#organization\"},\"potentialAction\":[{\"@type\":\"SearchAction\",\"target\":{\"@type\":\"EntryPoint\",\"urlTemplate\":\"https:\\\/\\\/prowebco.de\\\/?s={search_term_string}\"},\"query-input\":{\"@type\":\"PropertyValueSpecification\",\"valueRequired\":true,\"valueName\":\"search_term_string\"}}],\"inLanguage\":\"de\"},{\"@type\":\"Organization\",\"@id\":\"https:\\\/\\\/prowebco.de\\\/#organization\",\"name\":\"Ersatzteile f\u00fcr Landtechnik: K80 & Hydraulik\",\"url\":\"https:\\\/\\\/prowebco.de\\\/\",\"logo\":{\"@type\":\"ImageObject\",\"inLanguage\":\"de\",\"@id\":\"https:\\\/\\\/prowebco.de\\\/#\\\/schema\\\/logo\\\/image\\\/\",\"url\":\"https:\\\/\\\/prowebco.de\\\/wp-content\\\/uploads\\\/2024\\\/04\\\/cropped-prowebco-gruen-350.webp\",\"contentUrl\":\"https:\\\/\\\/prowebco.de\\\/wp-content\\\/uploads\\\/2024\\\/04\\\/cropped-prowebco-gruen-350.webp\",\"width\":200,\"height\":38,\"caption\":\"Ersatzteile f\u00fcr Landtechnik: K80 & Hydraulik\"},\"image\":{\"@id\":\"https:\\\/\\\/prowebco.de\\\/#\\\/schema\\\/logo\\\/image\\\/\"}}]}<\/script>\n<!-- \/ Yoast SEO plugin. -->","yoast_head_json":{"title":"Ersatzteile - f\u00fcr die Landtechnik: K80 &amp; Hydraulik | Prowebco","description":"Prowebco liefert hochwertige Anh\u00e4ngekupplungen, K80-Kugelk\u00f6pfe & Hydraulik-Oberlenker direkt an Landwirte \u2013 schnell, direkt & zuverl\u00e4ssig.","robots":{"index":"noindex","follow":"follow","max-snippet":"max-snippet:-1","max-image-preview":"max-image-preview:large","max-video-preview":"max-video-preview:-1"},"og_locale":"de_DE","og_type":"article","og_title":"Ersatzteile - f\u00fcr die Landtechnik: K80 &amp; Hydraulik | Prowebco","og_description":"Prowebco liefert hochwertige Anh\u00e4ngekupplungen, K80-Kugelk\u00f6pfe & Hydraulik-Oberlenker direkt an Landwirte \u2013 schnell, direkt & zuverl\u00e4ssig.","og_url":"https:\/\/prowebco.de\/","og_site_name":"f\u00fcr die Landtechnik: K80 &amp; Hydraulik | Prowebco","article_modified_time":"2025-03-25T14:34:50+00:00","twitter_card":"summary_large_image","schema":{"@context":"https:\/\/schema.org","@graph":[{"@type":"WebPage","@id":"https:\/\/prowebco.de\/","url":"https:\/\/prowebco.de\/","name":"Ersatzteile - f\u00fcr die Landtechnik: K80 &amp; Hydraulik | Prowebco","isPartOf":{"@id":"https:\/\/prowebco.de\/#website"},"datePublished":"2025-03-25T12:59:06+00:00","dateModified":"2025-03-25T14:34:50+00:00","description":"Prowebco liefert hochwertige Anh\u00e4ngekupplungen, K80-Kugelk\u00f6pfe & Hydraulik-Oberlenker direkt an Landwirte \u2013 schnell, direkt & zuverl\u00e4ssig.","breadcrumb":{"@id":"https:\/\/prowebco.de\/#breadcrumb"},"inLanguage":"de","potentialAction":[{"@type":"ReadAction","target":["https:\/\/prowebco.de\/"]}]},{"@type":"BreadcrumbList","@id":"https:\/\/prowebco.de\/#breadcrumb","itemListElement":[{"@type":"ListItem","position":1,"name":"Startseite","item":"https:\/\/prowebco.de\/"},{"@type":"ListItem","position":2,"name":"Ersatzteile"}]},{"@type":"WebSite","@id":"https:\/\/prowebco.de\/#website","url":"https:\/\/prowebco.de\/","name":"Ersatzteile f\u00fcr Landtechnik: K80 & Hydraulik","description":"","publisher":{"@id":"https:\/\/prowebco.de\/#organization"},"potentialAction":[{"@type":"SearchAction","target":{"@type":"EntryPoint","urlTemplate":"https:\/\/prowebco.de\/?s={search_term_string}"},"query-input":{"@type":"PropertyValueSpecification","valueRequired":true,"valueName":"search_term_string"}}],"inLanguage":"de"},{"@type":"Organization","@id":"https:\/\/prowebco.de\/#organization","name":"Ersatzteile f\u00fcr Landtechnik: K80 & Hydraulik","url":"https:\/\/prowebco.de\/","logo":{"@type":"ImageObject","inLanguage":"de","@id":"https:\/\/prowebco.de\/#\/schema\/logo\/image\/","url":"https:\/\/prowebco.de\/wp-content\/uploads\/2024\/04\/cropped-prowebco-gruen-350.webp","contentUrl":"https:\/\/prowebco.de\/wp-content\/uploads\/2024\/04\/cropped-prowebco-gruen-350.webp","width":200,"height":38,"caption":"Ersatzteile f\u00fcr Landtechnik: K80 & Hydraulik"},"image":{"@id":"https:\/\/prowebco.de\/#\/schema\/logo\/image\/"}}]}},"_links":{"self":[{"href":"https:\/\/prowebco.de\/index.php\/wp-json\/wp\/v2\/pages\/640","targetHints":{"allow":["GET"]}}],"collection":[{"href":"https:\/\/prowebco.de\/index.php\/wp-json\/wp\/v2\/pages"}],"about":[{"href":"https:\/\/prowebco.de\/index.php\/wp-json\/wp\/v2\/types\/page"}],"author":[{"embeddable":true,"href":"https:\/\/prowebco.de\/index.php\/wp-json\/wp\/v2\/users\/1"}],"replies":[{"embeddable":true,"href":"https:\/\/prowebco.de\/index.php\/wp-json\/wp\/v2\/comments?post=640"}],"version-history":[{"count":6,"href":"https:\/\/prowebco.de\/index.php\/wp-json\/wp\/v2\/pages\/640\/revisions"}],"predecessor-version":[{"id":669,"href":"https:\/\/prowebco.de\/index.php\/wp-json\/wp\/v2\/pages\/640\/revisions\/669"}],"wp:attachment":[{"href":"https:\/\/prowebco.de\/index.php\/wp-json\/wp\/v2\/media?parent=640"}],"curies":[{"name":"wp","href":"https:\/\/api.w.org\/{rel}","templated":true}]}}